{"id":693,"date":"2024-04-17T21:13:27","date_gmt":"2024-04-17T21:13:27","guid":{"rendered":"https:\/\/rutena.eu\/product\/skatla-za-vecnamensko-uporabo-3\/"},"modified":"2024-10-03T10:52:08","modified_gmt":"2024-10-03T10:52:08","slug":"skatla-za-vecnamensko-uporabo-3","status":"publish","type":"product","link":"https:\/\/rutena.eu\/sl\/izdelek\/skatla-za-vecnamensko-uporabo-3\/","title":{"rendered":"\u0160KATLA ZA VE\u010cNAMENSKO UPORABO"},"content":{"rendered":"<p>Naravni biorazgradljivi material za vsakr\u0161no uporabo, brez strupenih elementov v notranjosti, za vse namene<\/p>\n","protected":false},"excerpt":{"rendered":"Biokompozitna \u0161katla iz micelija 75x75x40mm","protected":false},"featured_media":572,"template":"","meta":{"rank_math_lock_modified_date":false},"product_cat":[32],"product_tag":[],"class_list":{"0":"post-693","1":"product","2":"type-product","3":"status-publish","4":"has-post-thumbnail","6":"product_cat-izdelki","8":"first","9":"instock","10":"taxable","11":"shipping-taxable","12":"purchasable","13":"product-type-simple"},"_links":{"self":[{"href":"https:\/\/rutena.eu\/sl\/wp-json\/wp\/v2\/product\/693","targetHints":{"allow":["GET"]}}],"collection":[{"href":"https:\/\/rutena.eu\/sl\/wp-json\/wp\/v2\/product"}],"about":[{"href":"https:\/\/rutena.eu\/sl\/wp-json\/wp\/v2\/types\/product"}],"wp:featuredmedia":[{"embeddable":true,"href":"https:\/\/rutena.eu\/sl\/wp-json\/wp\/v2\/media\/572"}],"wp:attachment":[{"href":"https:\/\/rutena.eu\/sl\/wp-json\/wp\/v2\/media?parent=693"}],"wp:term":[{"taxonomy":"product_cat","embeddable":true,"href":"https:\/\/rutena.eu\/sl\/wp-json\/wp\/v2\/product_cat?post=693"},{"taxonomy":"product_tag","embeddable":true,"href":"https:\/\/rutena.eu\/sl\/wp-json\/wp\/v2\/product_tag?post=693"}],"curies":[{"name":"wp","href":"https:\/\/api.w.org\/{rel}","templated":true}]}}