{"id":701,"date":"2024-04-17T21:13:24","date_gmt":"2024-04-17T21:13:24","guid":{"rendered":"https:\/\/rutena.eu\/product\/vecnamenska-plosca\/"},"modified":"2024-10-03T12:01:25","modified_gmt":"2024-10-03T12:01:25","slug":"vecnamenska-plosca","status":"publish","type":"product","link":"https:\/\/rutena.eu\/sl\/izdelek\/vecnamenska-plosca\/","title":{"rendered":"VE\u010cNAMENSKA PLO\u0160\u010cA"},"content":{"rendered":"<p>Naravni biorazgradljivi material za vsakr\u0161no uporabo, brez strupenih elementov v notranjosti, za vse namene<\/p>\n","protected":false},"excerpt":{"rendered":"Biokompozitna plo\u0161\u010da iz micelija 300x300x25mm ro\u010dno izdelan dizajn","protected":false},"featured_media":566,"template":"","meta":{"rank_math_lock_modified_date":false},"product_cat":[32],"product_tag":[],"class_list":{"0":"post-701","1":"product","2":"type-product","3":"status-publish","4":"has-post-thumbnail","6":"product_cat-izdelki","8":"first","9":"instock","10":"taxable","11":"shipping-taxable","12":"purchasable","13":"product-type-simple"},"_links":{"self":[{"href":"https:\/\/rutena.eu\/sl\/wp-json\/wp\/v2\/product\/701","targetHints":{"allow":["GET"]}}],"collection":[{"href":"https:\/\/rutena.eu\/sl\/wp-json\/wp\/v2\/product"}],"about":[{"href":"https:\/\/rutena.eu\/sl\/wp-json\/wp\/v2\/types\/product"}],"wp:featuredmedia":[{"embeddable":true,"href":"https:\/\/rutena.eu\/sl\/wp-json\/wp\/v2\/media\/566"}],"wp:attachment":[{"href":"https:\/\/rutena.eu\/sl\/wp-json\/wp\/v2\/media?parent=701"}],"wp:term":[{"taxonomy":"product_cat","embeddable":true,"href":"https:\/\/rutena.eu\/sl\/wp-json\/wp\/v2\/product_cat?post=701"},{"taxonomy":"product_tag","embeddable":true,"href":"https:\/\/rutena.eu\/sl\/wp-json\/wp\/v2\/product_tag?post=701"}],"curies":[{"name":"wp","href":"https:\/\/api.w.org\/{rel}","templated":true}]}}